{"id":10,"date":"2025-06-28T04:17:44","date_gmt":"2025-06-28T04:17:44","guid":{"rendered":"https:\/\/dichvu.dienmayducngoc.com\/?page_id=10"},"modified":"2025-06-28T04:17:44","modified_gmt":"2025-06-28T04:17:44","slug":"khach-hang","status":"publish","type":"page","link":"https:\/\/dichvu.dienmayducngoc.com\/?page_id=10","title":{"rendered":"Kh\u00e1ch H\u00e0ng"},"content":{"rendered":"    <div class=\"dau-trang\">\n        <a href=\"https:\/\/dichvu.dienmayducngoc.com\"> <img decoding=\"async\" src=\"https:\/\/dichvu.dienmayducngoc.com\/wp-content\/uploads\/2025\/06\/ducngocservice2.jpg\" class=\"logo-duc-ngoc\"><\/a>\n        <p class=\"loi-chao\">Xin ch\u00e0o qu\u00fd kh\u00e1ch. Vui l\u00f2ng nh\u1eadp s\u1ed1 \u0111i\u1ec7n tho\u1ea1i v\u00e0o box b\u00ean d\u01b0\u1edbi \u0111\u1ec3 ki\u1ec3m tra d\u1ecbch v\u1ee5 \u0111\u00e3 s\u1eed d\u1ee5ng.<\/p>\n    <\/div>\n        <form method=\"post\">\n        <input type=\"hidden\" id=\"rom_lookup_nonce\" name=\"rom_lookup_nonce\" value=\"59b552362c\" \/><input type=\"hidden\" name=\"_wp_http_referer\" value=\"\/index.php?rest_route=%2Fwp%2Fv2%2Fpages%2F10\" \/>        <p>Nh\u1eadp S\u1ed1 \u0110i\u1ec7n Tho\u1ea1i: <input type=\"text\" name=\"rom_lookup_phone\" required><\/p>\n        <input type=\"submit\" value=\"T\u00ecm Ki\u1ebfm\">\n    <\/form>\n    \n\n\n\n<p><\/p>\n","protected":false},"excerpt":{"rendered":"","protected":false},"author":1,"featured_media":0,"parent":0,"menu_order":0,"comment_status":"closed","ping_status":"closed","template":"","meta":{"footnotes":""},"class_list":["post-10","page","type-page","status-publish","hentry"],"_links":{"self":[{"href":"https:\/\/dichvu.dienmayducngoc.com\/index.php?rest_route=\/wp\/v2\/pages\/10","targetHints":{"allow":["GET"]}}],"collection":[{"href":"https:\/\/dichvu.dienmayducngoc.com\/index.php?rest_route=\/wp\/v2\/pages"}],"about":[{"href":"https:\/\/dichvu.dienmayducngoc.com\/index.php?rest_route=\/wp\/v2\/types\/page"}],"author":[{"embeddable":true,"href":"https:\/\/dichvu.dienmayducngoc.com\/index.php?rest_route=\/wp\/v2\/users\/1"}],"replies":[{"embeddable":true,"href":"https:\/\/dichvu.dienmayducngoc.com\/index.php?rest_route=%2Fwp%2Fv2%2Fcomments&post=10"}],"version-history":[{"count":1,"href":"https:\/\/dichvu.dienmayducngoc.com\/index.php?rest_route=\/wp\/v2\/pages\/10\/revisions"}],"predecessor-version":[{"id":11,"href":"https:\/\/dichvu.dienmayducngoc.com\/index.php?rest_route=\/wp\/v2\/pages\/10\/revisions\/11"}],"wp:attachment":[{"href":"https:\/\/dichvu.dienmayducngoc.com\/index.php?rest_route=%2Fwp%2Fv2%2Fmedia&parent=10"}],"curies":[{"name":"wp","href":"https:\/\/api.w.org\/{rel}","templated":true}]}}