{"id":64,"date":"2025-06-29T18:28:30","date_gmt":"2025-06-29T11:28:30","guid":{"rendered":"https:\/\/dichvu.dienmayducngoc.com\/?page_id=64"},"modified":"2025-06-29T20:24:53","modified_gmt":"2025-06-29T13:24:53","slug":"home","status":"publish","type":"page","link":"https:\/\/dichvu.dienmayducngoc.com\/","title":{"rendered":"Home"},"content":{"rendered":"<p><img loading=\"lazy\" decoding=\"async\" class=\"aligncenter size-full wp-image-54\" src=\"https:\/\/dichvu.dienmayducngoc.com\/wp-content\/uploads\/2025\/06\/ducngocservice2.jpg\" alt=\"\" width=\"666\" height=\"207\" \/><\/p>\n<div class=\"lua-chon\">\n<a class=\"lua-chon-1\" href=\"https:\/\/dichvu.dienmayducngoc.com\/?page_id=10\"><strong>KH\u00c1CH H\u00c0NG<\/strong><\/a><br \/>\n<a class=\"lua-chon-1\" href=\"https:\/\/dichvu.dienmayducngoc.com\/?page_id=8\"><strong>NH\u00c2N VI\u00caN<\/strong><\/a>\n<\/div>\n","protected":false},"excerpt":{"rendered":"<p>KH\u00c1CH H\u00c0NG NH\u00c2N VI\u00caN<\/p>\n","protected":false},"author":1,"featured_media":0,"parent":0,"menu_order":0,"comment_status":"closed","ping_status":"closed","template":"","meta":{"footnotes":""},"class_list":["post-64","page","type-page","status-publish","hentry"],"_links":{"self":[{"href":"https:\/\/dichvu.dienmayducngoc.com\/index.php?rest_route=\/wp\/v2\/pages\/64","targetHints":{"allow":["GET"]}}],"collection":[{"href":"https:\/\/dichvu.dienmayducngoc.com\/index.php?rest_route=\/wp\/v2\/pages"}],"about":[{"href":"https:\/\/dichvu.dienmayducngoc.com\/index.php?rest_route=\/wp\/v2\/types\/page"}],"author":[{"embeddable":true,"href":"https:\/\/dichvu.dienmayducngoc.com\/index.php?rest_route=\/wp\/v2\/users\/1"}],"replies":[{"embeddable":true,"href":"https:\/\/dichvu.dienmayducngoc.com\/index.php?rest_route=%2Fwp%2Fv2%2Fcomments&post=64"}],"version-history":[{"count":6,"href":"https:\/\/dichvu.dienmayducngoc.com\/index.php?rest_route=\/wp\/v2\/pages\/64\/revisions"}],"predecessor-version":[{"id":84,"href":"https:\/\/dichvu.dienmayducngoc.com\/index.php?rest_route=\/wp\/v2\/pages\/64\/revisions\/84"}],"wp:attachment":[{"href":"https:\/\/dichvu.dienmayducngoc.com\/index.php?rest_route=%2Fwp%2Fv2%2Fmedia&parent=64"}],"curies":[{"name":"wp","href":"https:\/\/api.w.org\/{rel}","templated":true}]}}